{"id":6,"date":"2026-04-07T08:45:05","date_gmt":"2026-04-07T06:45:05","guid":{"rendered":"https:\/\/test.lestylonoir.fr\/site_shr_pro2\/?page_id=6"},"modified":"2026-05-03T13:02:11","modified_gmt":"2026-05-03T11:02:11","slug":"presentation","status":"publish","type":"page","link":"https:\/\/test.lestylonoir.fr\/site_shr_pro2\/","title":{"rendered":"Samuel Hennuyer"},"content":{"rendered":"\n<div class=\"wp-block-group alignfull has-global-padding is-layout-constrained wp-container-core-group-is-layout-9ac82b65 wp-block-group-is-layout-constrained\" style=\"min-height:0vh;margin-top:0;margin-bottom:0;padding-top:var(--wp--preset--spacing--20);padding-right:var(--wp--preset--spacing--40);padding-bottom:var(--wp--preset--spacing--20);padding-left:var(--wp--preset--spacing--40)\">\n<div class=\"wp-block-group has-global-padding is-layout-constrained wp-container-core-group-is-layout-346627ba wp-block-group-is-layout-constrained\">\n<h2 class=\"wp-block-heading has-text-align-center is-style-default has-x-large-font-size\" style=\"margin-right:0;margin-left:0;padding-right:0;padding-left:0\">Bienvenue ! Je me pr\u00e9sente<\/h2>\n\n\n\n<p class=\"has-text-align-center\">Originaire de Savoie je suis maintenant install\u00e9 en Bourgogne. Fort de quelques 18 ann\u00e9es d&rsquo;exp\u00e9rience en ing\u00e9nierie logicielle, j&rsquo;\u00e9tudie vos besoins en maintenance et d&rsquo;\u00e9volution de vos sites Web.<\/p>\n\n\n\n<div class=\"wp-block-buttons is-content-justification-center is-layout-flex wp-container-core-buttons-is-layout-a89b3969 wp-block-buttons-is-layout-flex\">\n<div class=\"wp-block-button is-style-fill\"><a class=\"wp-block-button__link wp-element-button\" href=\"#apropos\">En savoir plus<\/a><\/div>\n<\/div>\n<\/div>\n<\/div>\n\n\n\n<div class=\"wp-block-group alignfull is-style-section-1 has-global-padding is-layout-constrained wp-block-group-is-layout-constrained is-style-section-1--1\" style=\"margin-top:0;margin-bottom:0;padding-top:var(--wp--preset--spacing--50);padding-bottom:var(--wp--preset--spacing--50)\">\n<div class=\"wp-block-columns alignwide is-layout-flex wp-container-core-columns-is-layout-66fad18a wp-block-columns-is-layout-flex\">\n<div class=\"wp-block-column is-layout-flow wp-block-column-is-layout-flow\" style=\"padding-right:var(--wp--preset--spacing--50);flex-basis:45%\">\n<figure class=\"wp-block-image size-full\" id=\"apropos\"><img loading=\"lazy\" decoding=\"async\" width=\"652\" height=\"653\" src=\"https:\/\/test.lestylonoir.fr\/site_shr_pro2\/wp-content\/uploads\/2026\/04\/DSC08899-carre.jpg\" alt=\"Photo de Samuel H.\" class=\"wp-image-8\" srcset=\"https:\/\/test.lestylonoir.fr\/site_shr_pro2\/wp-content\/uploads\/2026\/04\/DSC08899-carre.jpg 652w, https:\/\/test.lestylonoir.fr\/site_shr_pro2\/wp-content\/uploads\/2026\/04\/DSC08899-carre-300x300.jpg 300w, https:\/\/test.lestylonoir.fr\/site_shr_pro2\/wp-content\/uploads\/2026\/04\/DSC08899-carre-150x150.jpg 150w\" sizes=\"auto, (max-width: 652px) 100vw, 652px\" \/><\/figure>\n\n\n\n<div class=\"wp-block-group has-global-padding is-layout-constrained wp-block-group-is-layout-constrained\" style=\"margin-top:-12vw\">\n<figure class=\"wp-block-image alignright size-full is-resized is-style-default\" style=\"margin-right:-5vw;margin-left:-5vw\"><img loading=\"lazy\" decoding=\"async\" width=\"522\" height=\"607\" src=\"https:\/\/test.lestylonoir.fr\/site_shr_pro2\/wp-content\/uploads\/2026\/04\/Kanban-Enedis-20180327_190441_HDR-Copie.jpg\" alt=\"\" class=\"wp-image-90\" style=\"aspect-ratio:1.038916504079339;width:206px;height:auto\" srcset=\"https:\/\/test.lestylonoir.fr\/site_shr_pro2\/wp-content\/uploads\/2026\/04\/Kanban-Enedis-20180327_190441_HDR-Copie.jpg 522w, https:\/\/test.lestylonoir.fr\/site_shr_pro2\/wp-content\/uploads\/2026\/04\/Kanban-Enedis-20180327_190441_HDR-Copie-258x300.jpg 258w\" sizes=\"auto, (max-width: 522px) 100vw, 522px\" \/><\/figure>\n<\/div>\n<\/div>\n\n\n\n<div class=\"wp-block-column is-vertically-aligned-center is-layout-flow wp-block-column-is-layout-flow\" style=\"padding-right:0;padding-left:0;flex-basis:50%\">\n<div class=\"wp-block-group is-vertical is-layout-flex wp-container-core-group-is-layout-fe9cc265 wp-block-group-is-layout-flex\">\n<h2 class=\"wp-block-heading is-style-text-annotation is-style-text-annotation--2\">\u00c0 propos<\/h2>\n\n\n\n<p class=\"is-style-text-subtitle is-style-text-subtitle--3\">Mes valeurs, mon engagement, mon savoir-faire.<\/p>\n<\/div>\n\n\n\n<p>Ayant commenc\u00e9 mon activit\u00e9 par le d\u00e9veloppement sous des technologies et langages vari\u00e9s, j&rsquo;ai un socle solide pour parler d&rsquo;\u00e0 peu pr\u00e8s tout et&#8230; proposer des solutions.<\/p>\n\n\n\n<p>Puis la mise en difficult\u00e9 sur des postes d&rsquo;assistance \u00e0 ma\u00eetrise d&rsquo;\u0153uvre m&rsquo;a appris \u00e0 chercher les r\u00e9ponses techniques les plus appropri\u00e9es entre les demandes permanente, et les contraintes d&rsquo;infog\u00e9rence. Et&#8230; savoir prioriser tout en restant transparent.<\/p>\n\n\n\n<p>Enfin toujours dans l&rsquo;optique de mieux servir, j&rsquo;estime que les outils informatiques sont \u00e0 notre disposition pour nous faire gagner du temps&#8230; mais surtout pas pour nous asservir.<\/p>\n<\/div>\n<\/div>\n<\/div>\n\n\n\n<div class=\"wp-block-group alignfull has-global-padding is-layout-constrained wp-container-core-group-is-layout-ebee8dc1 wp-block-group-is-layout-constrained\" style=\"margin-top:0;margin-bottom:0;padding-top:var(--wp--preset--spacing--50);padding-bottom:var(--wp--preset--spacing--50)\">\n<h2 class=\"wp-block-heading alignwide\">Mon portfolio<\/h2>\n\n\n\n<div class=\"wp-block-columns alignwide is-layout-flex wp-container-core-columns-is-layout-28f84493 wp-block-columns-is-layout-flex\">\n<div class=\"wp-block-column is-layout-flow wp-block-column-is-layout-flow\">\n<figure class=\"wp-block-image size-full\" style=\"margin-bottom:24px\"><a href=\"https:\/\/test.lestylonoir.fr\/site_shr_pro2\/portfolio-web-maintenance\/\"><img loading=\"lazy\" decoding=\"async\" width=\"1172\" height=\"879\" src=\"https:\/\/test.lestylonoir.fr\/site_shr_pro2\/wp-content\/uploads\/2026\/04\/Screenshot_2020-12-29-Location-appartement-Aix-les-Bains-lac-du-bourget-edited.png\" alt=\"Maintenance Web\" class=\"wp-image-80\" style=\"aspect-ratio:4\/3;object-fit:cover\" srcset=\"https:\/\/test.lestylonoir.fr\/site_shr_pro2\/wp-content\/uploads\/2026\/04\/Screenshot_2020-12-29-Location-appartement-Aix-les-Bains-lac-du-bourget-edited.png 1172w, https:\/\/test.lestylonoir.fr\/site_shr_pro2\/wp-content\/uploads\/2026\/04\/Screenshot_2020-12-29-Location-appartement-Aix-les-Bains-lac-du-bourget-edited-300x225.png 300w, https:\/\/test.lestylonoir.fr\/site_shr_pro2\/wp-content\/uploads\/2026\/04\/Screenshot_2020-12-29-Location-appartement-Aix-les-Bains-lac-du-bourget-edited-1024x768.png 1024w, https:\/\/test.lestylonoir.fr\/site_shr_pro2\/wp-content\/uploads\/2026\/04\/Screenshot_2020-12-29-Location-appartement-Aix-les-Bains-lac-du-bourget-edited-768x576.png 768w\" sizes=\"auto, (max-width: 1172px) 100vw, 1172px\" \/><\/a><\/figure>\n\n\n\n<h3 class=\"wp-block-heading\"><a href=\"https:\/\/test.lestylonoir.fr\/site_shr_pro2\/portfolio-web-maintenance\/\" data-type=\"page\" data-id=\"96\">Maintenance Web<\/a><\/h3>\n\n\n\n<p class=\"has-medium-font-size\">R\u00e9paration d&rsquo;un calendrier de r\u00e9servation.<br>Reprise en main de l&rsquo;administration du site WordPress.<\/p>\n<\/div>\n\n\n\n<div class=\"wp-block-column is-layout-flow wp-block-column-is-layout-flow\">\n<figure class=\"wp-block-image size-full\" style=\"margin-bottom:24px\"><a href=\"https:\/\/test.lestylonoir.fr\/site_shr_pro2\/portfolio-concevoir\/\"><img loading=\"lazy\" decoding=\"async\" width=\"816\" height=\"518\" src=\"https:\/\/test.lestylonoir.fr\/site_shr_pro2\/wp-content\/uploads\/2026\/04\/doc-uml-GestionCertificatsSSL-Enedis.png\" alt=\"Conception\" class=\"wp-image-82\" style=\"aspect-ratio:4\/3;object-fit:cover\" srcset=\"https:\/\/test.lestylonoir.fr\/site_shr_pro2\/wp-content\/uploads\/2026\/04\/doc-uml-GestionCertificatsSSL-Enedis.png 816w, https:\/\/test.lestylonoir.fr\/site_shr_pro2\/wp-content\/uploads\/2026\/04\/doc-uml-GestionCertificatsSSL-Enedis-300x190.png 300w, https:\/\/test.lestylonoir.fr\/site_shr_pro2\/wp-content\/uploads\/2026\/04\/doc-uml-GestionCertificatsSSL-Enedis-768x488.png 768w\" sizes=\"auto, (max-width: 816px) 100vw, 816px\" \/><\/a><\/figure>\n\n\n\n<h3 class=\"wp-block-heading\"><a href=\"https:\/\/test.lestylonoir.fr\/site_shr_pro2\/portfolio-concevoir\/\" data-type=\"page\" data-id=\"103\">Conception<\/a><\/h3>\n\n\n\n<p class=\"has-medium-font-size\">Les bons outils : du papier et un crayon. Puis un peu de m\u00e9thode : UML, Merise, etc.<\/p>\n<\/div>\n\n\n\n<div class=\"wp-block-column is-layout-flow wp-block-column-is-layout-flow\">\n<figure class=\"wp-block-image size-full\" style=\"margin-bottom:24px\"><a href=\"https:\/\/test.lestylonoir.fr\/site_shr_pro2\/portfolio-livrer\/\"><img loading=\"lazy\" decoding=\"async\" width=\"696\" height=\"449\" src=\"https:\/\/test.lestylonoir.fr\/site_shr_pro2\/wp-content\/uploads\/2026\/04\/Stat01.png\" alt=\"Livraison\" class=\"wp-image-84\" style=\"aspect-ratio:4\/3;object-fit:cover\" srcset=\"https:\/\/test.lestylonoir.fr\/site_shr_pro2\/wp-content\/uploads\/2026\/04\/Stat01.png 696w, https:\/\/test.lestylonoir.fr\/site_shr_pro2\/wp-content\/uploads\/2026\/04\/Stat01-300x194.png 300w\" sizes=\"auto, (max-width: 696px) 100vw, 696px\" \/><\/a><\/figure>\n\n\n\n<h3 class=\"wp-block-heading\"><a href=\"https:\/\/test.lestylonoir.fr\/site_shr_pro2\/portfolio-livrer\/\" data-type=\"page\" data-id=\"113\">Livraison<\/a><\/h3>\n\n\n\n<p class=\"has-medium-font-size\">Je m&rsquo;engage \u00e0 d\u00e9livrer un r\u00e9sultat le plus satisfaisant possible pour mes demandeurs.<\/p>\n<\/div>\n<\/div>\n<\/div>\n\n\n\n<aside class=\"wp-block-group alignfull is-style-section-3 has-global-padding is-layout-constrained wp-container-core-group-is-layout-f0f2a97b wp-block-group-is-layout-constrained is-style-section-3--4\" style=\"margin-top:0;margin-bottom:0;padding-top:var(--wp--preset--spacing--50);padding-right:var(--wp--preset--spacing--50);padding-bottom:var(--wp--preset--spacing--50);padding-left:var(--wp--preset--spacing--50)\">\n<div class=\"wp-block-group is-vertical is-content-justification-center is-layout-flex wp-container-core-group-is-layout-8778ca4a wp-block-group-is-layout-flex\" style=\"min-height:360px;margin-top:0;margin-bottom:0\">\n<h2 class=\"wp-block-heading has-text-align-center has-xx-large-font-size\">Contactez-moi pour tout renseignement<\/h2>\n\n\n\n<p class=\"has-text-align-center is-style-text-subtitle is-style-text-subtitle--5\">Devis gratuit<\/p>\n\n\n\n<div style=\"height:0px\" aria-hidden=\"true\" class=\"wp-block-spacer wp-container-content-62aae154\"><\/div>\n\n\n\n<div class=\"wp-block-buttons is-content-justification-center is-layout-flex wp-container-core-buttons-is-layout-a89b3969 wp-block-buttons-is-layout-flex\">\n<div class=\"wp-block-button\"><a class=\"wp-block-button__link has-text-align-center wp-element-button\" href=\"\/site_shr_pro2\/contactez-moi\/\">Contactez-moi<\/a><\/div>\n<\/div>\n<\/div>\n<\/aside>\n","protected":false},"excerpt":{"rendered":"<p>Bienvenue ! Je me pr\u00e9sente Originaire de Savoie je suis maintenant install\u00e9 en Bourgogne. Fort de quelques 18 ann\u00e9es d&rsquo;exp\u00e9rience en ing\u00e9nierie logicielle, j&rsquo;\u00e9tudie vos besoins en maintenance et d&rsquo;\u00e9volution de vos sites Web. \u00c0 propos Mes valeurs, mon engagement, mon savoir-faire. Ayant commenc\u00e9 mon activit\u00e9 par le d\u00e9veloppement sous des technologies et langages vari\u00e9s, [&hellip;]<\/p>\n","protected":false},"author":1,"featured_media":0,"parent":0,"menu_order":0,"comment_status":"closed","ping_status":"closed","template":"","meta":{"footnotes":""},"class_list":["post-6","page","type-page","status-publish","hentry"],"_links":{"self":[{"href":"https:\/\/test.lestylonoir.fr\/site_shr_pro2\/wp-json\/wp\/v2\/pages\/6","targetHints":{"allow":["GET"]}}],"collection":[{"href":"https:\/\/test.lestylonoir.fr\/site_shr_pro2\/wp-json\/wp\/v2\/pages"}],"about":[{"href":"https:\/\/test.lestylonoir.fr\/site_shr_pro2\/wp-json\/wp\/v2\/types\/page"}],"author":[{"embeddable":true,"href":"https:\/\/test.lestylonoir.fr\/site_shr_pro2\/wp-json\/wp\/v2\/users\/1"}],"replies":[{"embeddable":true,"href":"https:\/\/test.lestylonoir.fr\/site_shr_pro2\/wp-json\/wp\/v2\/comments?post=6"}],"version-history":[{"count":37,"href":"https:\/\/test.lestylonoir.fr\/site_shr_pro2\/wp-json\/wp\/v2\/pages\/6\/revisions"}],"predecessor-version":[{"id":132,"href":"https:\/\/test.lestylonoir.fr\/site_shr_pro2\/wp-json\/wp\/v2\/pages\/6\/revisions\/132"}],"wp:attachment":[{"href":"https:\/\/test.lestylonoir.fr\/site_shr_pro2\/wp-json\/wp\/v2\/media?parent=6"}],"curies":[{"name":"wp","href":"https:\/\/api.w.org\/{rel}","templated":true}]}}